{"id":53,"date":"2024-01-10T03:14:01","date_gmt":"2024-01-10T03:14:01","guid":{"rendered":"https:\/\/impulse.comazon.dev\/?page_id=53"},"modified":"2024-08-13T14:50:10","modified_gmt":"2024-08-13T14:50:10","slug":"desafios-impulse","status":"publish","type":"page","link":"https:\/\/impulseworld.pro\/propfirm\/desafios-impulse\/","title":{"rendered":"Desaf\u00edos"},"content":{"rendered":"","protected":false},"excerpt":{"rendered":"","protected":false},"author":1,"featured_media":0,"parent":0,"menu_order":0,"comment_status":"closed","ping_status":"closed","template":"page-desafios.php","meta":{"_acf_changed":false,"footnotes":""},"class_list":["post-53","page","type-page","status-publish","hentry"],"acf":[],"yoast_head":"<!-- This site is optimized with the Yoast SEO plugin v27.3 - https:\/\/yoast.com\/product\/yoast-seo-wordpress\/ -->\n<title>Conoce nuestros Desaf\u00edos de Fondeo - Impulse World<\/title>\n<meta name=\"description\" content=\"La mejor empresa de fondeo. Desde $55, configura tu desaf\u00edo seg\u00fan capital, objetivo, tiempo y fases. Fond\u00e9ate hoy desde 3K a 1M USD.\" \/>\n<meta name=\"robots\" content=\"index, follow, max-snippet:-1, max-image-preview:large, max-video-preview:-1\" \/>\n<link rel=\"canonical\" href=\"https:\/\/impulseworld.pro\/propfirm\/desafios-impulse\/\" \/>\n<meta property=\"og:locale\" content=\"es_ES\" \/>\n<meta property=\"og:type\" content=\"article\" \/>\n<meta property=\"og:title\" content=\"Conoce nuestros Desaf\u00edos de Fondeo - Impulse World\" \/>\n<meta property=\"og:description\" content=\"La mejor empresa de fondeo. Desde $55, configura tu desaf\u00edo seg\u00fan capital, objetivo, tiempo y fases. Fond\u00e9ate hoy desde 3K a 1M USD.\" \/>\n<meta property=\"og:url\" content=\"https:\/\/impulseworld.pro\/propfirm\/desafios-impulse\/\" \/>\n<meta property=\"og:site_name\" content=\"Impulse World\" \/>\n<meta property=\"article:modified_time\" content=\"2024-08-13T14:50:10+00:00\" \/>\n<meta name=\"twitter:card\" content=\"summary_large_image\" \/>\n<script type=\"application\/ld+json\" class=\"yoast-schema-graph\">{\"@context\":\"https:\\\/\\\/schema.org\",\"@graph\":[{\"@type\":\"WebPage\",\"@id\":\"https:\\\/\\\/impulseworld.pro\\\/propfirm\\\/desafios-impulse\\\/\",\"url\":\"https:\\\/\\\/impulseworld.pro\\\/propfirm\\\/desafios-impulse\\\/\",\"name\":\"Conoce nuestros Desaf\u00edos de Fondeo - Impulse World\",\"isPartOf\":{\"@id\":\"https:\\\/\\\/impulseworld.pro\\\/propfirm\\\/#website\"},\"datePublished\":\"2024-01-10T03:14:01+00:00\",\"dateModified\":\"2024-08-13T14:50:10+00:00\",\"description\":\"La mejor empresa de fondeo. Desde $55, configura tu desaf\u00edo seg\u00fan capital, objetivo, tiempo y fases. Fond\u00e9ate hoy desde 3K a 1M USD.\",\"breadcrumb\":{\"@id\":\"https:\\\/\\\/impulseworld.pro\\\/propfirm\\\/desafios-impulse\\\/#breadcrumb\"},\"inLanguage\":\"es\",\"potentialAction\":[{\"@type\":\"ReadAction\",\"target\":[\"https:\\\/\\\/impulseworld.pro\\\/propfirm\\\/desafios-impulse\\\/\"]}]},{\"@type\":\"BreadcrumbList\",\"@id\":\"https:\\\/\\\/impulseworld.pro\\\/propfirm\\\/desafios-impulse\\\/#breadcrumb\",\"itemListElement\":[{\"@type\":\"ListItem\",\"position\":1,\"name\":\"Portada\",\"item\":\"https:\\\/\\\/impulseworld.pro\\\/propfirm\\\/\"},{\"@type\":\"ListItem\",\"position\":2,\"name\":\"Desaf\u00edos\"}]},{\"@type\":\"WebSite\",\"@id\":\"https:\\\/\\\/impulseworld.pro\\\/propfirm\\\/#website\",\"url\":\"https:\\\/\\\/impulseworld.pro\\\/propfirm\\\/\",\"name\":\"Impulse World\",\"description\":\"Empresa de fondeo de trading\",\"potentialAction\":[{\"@type\":\"SearchAction\",\"target\":{\"@type\":\"EntryPoint\",\"urlTemplate\":\"https:\\\/\\\/impulseworld.pro\\\/propfirm\\\/?s={search_term_string}\"},\"query-input\":{\"@type\":\"PropertyValueSpecification\",\"valueRequired\":true,\"valueName\":\"search_term_string\"}}],\"inLanguage\":\"es\"}]}<\/script>\n<!-- \/ Yoast SEO plugin. -->","yoast_head_json":{"title":"Conoce nuestros Desaf\u00edos de Fondeo - Impulse World","description":"La mejor empresa de fondeo. Desde $55, configura tu desaf\u00edo seg\u00fan capital, objetivo, tiempo y fases. Fond\u00e9ate hoy desde 3K a 1M USD.","robots":{"index":"index","follow":"follow","max-snippet":"max-snippet:-1","max-image-preview":"max-image-preview:large","max-video-preview":"max-video-preview:-1"},"canonical":"https:\/\/impulseworld.pro\/propfirm\/desafios-impulse\/","og_locale":"es_ES","og_type":"article","og_title":"Conoce nuestros Desaf\u00edos de Fondeo - Impulse World","og_description":"La mejor empresa de fondeo. Desde $55, configura tu desaf\u00edo seg\u00fan capital, objetivo, tiempo y fases. Fond\u00e9ate hoy desde 3K a 1M USD.","og_url":"https:\/\/impulseworld.pro\/propfirm\/desafios-impulse\/","og_site_name":"Impulse World","article_modified_time":"2024-08-13T14:50:10+00:00","twitter_card":"summary_large_image","schema":{"@context":"https:\/\/schema.org","@graph":[{"@type":"WebPage","@id":"https:\/\/impulseworld.pro\/propfirm\/desafios-impulse\/","url":"https:\/\/impulseworld.pro\/propfirm\/desafios-impulse\/","name":"Conoce nuestros Desaf\u00edos de Fondeo - Impulse World","isPartOf":{"@id":"https:\/\/impulseworld.pro\/propfirm\/#website"},"datePublished":"2024-01-10T03:14:01+00:00","dateModified":"2024-08-13T14:50:10+00:00","description":"La mejor empresa de fondeo. Desde $55, configura tu desaf\u00edo seg\u00fan capital, objetivo, tiempo y fases. Fond\u00e9ate hoy desde 3K a 1M USD.","breadcrumb":{"@id":"https:\/\/impulseworld.pro\/propfirm\/desafios-impulse\/#breadcrumb"},"inLanguage":"es","potentialAction":[{"@type":"ReadAction","target":["https:\/\/impulseworld.pro\/propfirm\/desafios-impulse\/"]}]},{"@type":"BreadcrumbList","@id":"https:\/\/impulseworld.pro\/propfirm\/desafios-impulse\/#breadcrumb","itemListElement":[{"@type":"ListItem","position":1,"name":"Portada","item":"https:\/\/impulseworld.pro\/propfirm\/"},{"@type":"ListItem","position":2,"name":"Desaf\u00edos"}]},{"@type":"WebSite","@id":"https:\/\/impulseworld.pro\/propfirm\/#website","url":"https:\/\/impulseworld.pro\/propfirm\/","name":"Impulse World","description":"Empresa de fondeo de trading","potentialAction":[{"@type":"SearchAction","target":{"@type":"EntryPoint","urlTemplate":"https:\/\/impulseworld.pro\/propfirm\/?s={search_term_string}"},"query-input":{"@type":"PropertyValueSpecification","valueRequired":true,"valueName":"search_term_string"}}],"inLanguage":"es"}]}},"_links":{"self":[{"href":"https:\/\/impulseworld.pro\/propfirm\/wp-json\/wp\/v2\/pages\/53","targetHints":{"allow":["GET"]}}],"collection":[{"href":"https:\/\/impulseworld.pro\/propfirm\/wp-json\/wp\/v2\/pages"}],"about":[{"href":"https:\/\/impulseworld.pro\/propfirm\/wp-json\/wp\/v2\/types\/page"}],"author":[{"embeddable":true,"href":"https:\/\/impulseworld.pro\/propfirm\/wp-json\/wp\/v2\/users\/1"}],"replies":[{"embeddable":true,"href":"https:\/\/impulseworld.pro\/propfirm\/wp-json\/wp\/v2\/comments?post=53"}],"version-history":[{"count":3,"href":"https:\/\/impulseworld.pro\/propfirm\/wp-json\/wp\/v2\/pages\/53\/revisions"}],"predecessor-version":[{"id":1552,"href":"https:\/\/impulseworld.pro\/propfirm\/wp-json\/wp\/v2\/pages\/53\/revisions\/1552"}],"wp:attachment":[{"href":"https:\/\/impulseworld.pro\/propfirm\/wp-json\/wp\/v2\/media?parent=53"}],"curies":[{"name":"wp","href":"https:\/\/api.w.org\/{rel}","templated":true}]}}